{"id":416,"date":"2024-11-07T17:22:50","date_gmt":"2024-11-07T16:22:50","guid":{"rendered":"https:\/\/virtualbum.digital\/?page_id=416"},"modified":"2024-12-03T08:08:02","modified_gmt":"2024-12-03T07:08:02","slug":"inicio","status":"publish","type":"page","link":"https:\/\/virtualbum.digital\/en\/","title":{"rendered":"Home"},"content":{"rendered":"<div data-elementor-type=\"wp-page\" data-elementor-id=\"416\" class=\"elementor elementor-416\" data-elementor-post-type=\"page\">\n\t\t\t\t\t\t<section class=\"elementor-section elementor-top-section elementor-element elementor-element-1102135e elementor-section-full_width elementor-section-height-default elementor-section-height-default\" data-id=\"1102135e\" data-element_type=\"section\" data-e-type=\"section\" data-settings=\"{&quot;background_background&quot;:&quot;classic&quot;}\">\n\t\t\t\t\t\t\t<div class=\"elementor-background-overlay\"><\/div>\n\t\t\t\t\t\t\t<div class=\"elementor-container elementor-column-gap-no\">\n\t\t\t\t\t<div class=\"elementor-column elementor-col-100 elementor-top-column elementor-element elementor-element-4a1fe559\" data-id=\"4a1fe559\" data-element_type=\"column\" data-e-type=\"column\">\n\t\t\t<div class=\"elementor-widget-wrap elementor-element-populated\">\n\t\t\t\t\t\t<section class=\"elementor-section elementor-inner-section elementor-element elementor-element-33da29b4 elementor-section-boxed elementor-section-height-default elementor-section-height-default\" data-id=\"33da29b4\" data-element_type=\"section\" data-e-type=\"section\">\n\t\t\t\t\t\t<div class=\"elementor-container elementor-column-gap-default\">\n\t\t\t\t\t<div class=\"elementor-column elementor-col-100 elementor-inner-column elementor-element elementor-element-444bc814\" data-id=\"444bc814\" data-element_type=\"column\" data-e-type=\"column\">\n\t\t\t<div class=\"elementor-widget-wrap elementor-element-populated\">\n\t\t\t\t\t\t<div class=\"elementor-element elementor-element-4ba4260c elementor-widget elementor-widget-heading\" data-id=\"4ba4260c\" data-element_type=\"widget\" data-e-type=\"widget\" data-widget_type=\"heading.default\">\n\t\t\t\t<div class=\"elementor-widget-container\">\n\t\t\t\t\t<div class=\"elementor-heading-title elementor-size-default\">Meeting point and dissemination of Aragonese music<\/div>\t\t\t\t<\/div>\n\t\t\t\t<\/div>\n\t\t\t\t<div class=\"elementor-element elementor-element-e7c4e54 elementor-widget elementor-widget-heading\" data-id=\"e7c4e54\" data-element_type=\"widget\" data-e-type=\"widget\" data-widget_type=\"heading.default\">\n\t\t\t\t<div class=\"elementor-widget-container\">\n\t\t\t\t\t<h1 class=\"elementor-heading-title elementor-size-default\">Discover the Aragonese music scene<\/h1>\t\t\t\t<\/div>\n\t\t\t\t<\/div>\n\t\t\t\t<div class=\"elementor-element elementor-element-d13a67e elementor-align-center elementor-widget elementor-widget-button\" data-id=\"d13a67e\" data-element_type=\"widget\" data-e-type=\"widget\" data-widget_type=\"button.default\">\n\t\t\t\t<div class=\"elementor-widget-container\">\n\t\t\t\t\t\t\t\t\t<div class=\"elementor-button-wrapper\">\n\t\t\t\t\t<a class=\"elementor-button elementor-button-link elementor-size-md\" href=\"https:\/\/virtualbum.digital\/en\/contacto\/\">\n\t\t\t\t\t\t<span class=\"elementor-button-content-wrapper\">\n\t\t\t\t\t\t\t\t\t<span class=\"elementor-button-text\">Contact<\/span>\n\t\t\t\t\t<\/span>\n\t\t\t\t\t<\/a>\n\t\t\t\t<\/div>\n\t\t\t\t\t\t\t\t<\/div>\n\t\t\t\t<\/div>\n\t\t\t\t\t<\/div>\n\t\t<\/div>\n\t\t\t\t\t<\/div>\n\t\t<\/section>\n\t\t\t\t\t<\/div>\n\t\t<\/div>\n\t\t\t\t\t<\/div>\n\t\t<\/section>\n\t\t\t\t<section class=\"elementor-section elementor-top-section elementor-element elementor-element-32f9d633 elementor-section-boxed elementor-section-height-default elementor-section-height-default\" data-id=\"32f9d633\" data-element_type=\"section\" data-e-type=\"section\">\n\t\t\t\t\t\t<div class=\"elementor-container elementor-column-gap-default\">\n\t\t\t\t\t<div class=\"elementor-column elementor-col-100 elementor-top-column elementor-element elementor-element-23d15af2\" data-id=\"23d15af2\" data-element_type=\"column\" data-e-type=\"column\">\n\t\t\t<div class=\"elementor-widget-wrap elementor-element-populated\">\n\t\t\t\t\t\t<div class=\"elementor-element elementor-element-1df95a96 elementor-widget elementor-widget-heading\" data-id=\"1df95a96\" data-element_type=\"widget\" data-e-type=\"widget\" data-widget_type=\"heading.default\">\n\t\t\t\t<div class=\"elementor-widget-container\">\n\t\t\t\t\t<h2 class=\"elementor-heading-title elementor-size-default\">Who Are We?<\/h2>\t\t\t\t<\/div>\n\t\t\t\t<\/div>\n\t\t\t\t<div class=\"elementor-element elementor-element-2b98f0d3 elementor-widget elementor-widget-text-editor\" data-id=\"2b98f0d3\" data-element_type=\"widget\" data-e-type=\"widget\" data-widget_type=\"text-editor.default\">\n\t\t\t\t<div class=\"elementor-widget-container\">\n\t\t\t\t\t\t\t\t\t<p><i>At Arag\u00f3n Musical, we are dedicated to giving voice and visibility to Aragonese music. Since 2004, our portal has been a meeting point for artists, groups, entities and music enthusiasts in Aragon. With the commitment to spread the richness and diversity of our musical culture, Arag\u00f3n Musical has become a reference for all those who wish to discover and support the music scene in our region.<\/i><\/p>\t\t\t\t\t\t\t\t<\/div>\n\t\t\t\t<\/div>\n\t\t\t\t<section class=\"elementor-section elementor-inner-section elementor-element elementor-element-241f139e elementor-section-boxed elementor-section-height-default elementor-section-height-default\" data-id=\"241f139e\" data-element_type=\"section\" data-e-type=\"section\">\n\t\t\t\t\t\t<div class=\"elementor-container elementor-column-gap-default\">\n\t\t\t\t\t<div class=\"elementor-column elementor-col-50 elementor-inner-column elementor-element elementor-element-7c10afd\" data-id=\"7c10afd\" data-element_type=\"column\" data-e-type=\"column\">\n\t\t\t<div class=\"elementor-widget-wrap elementor-element-populated\">\n\t\t\t\t\t\t<div class=\"elementor-element elementor-element-ad3aefd ekit-equal-height-enable elementor-widget elementor-widget-elementskit-icon-box\" data-id=\"ad3aefd\" data-element_type=\"widget\" data-e-type=\"widget\" data-widget_type=\"elementskit-icon-box.default\">\n\t\t\t\t<div class=\"elementor-widget-container\">\n\t\t\t\t\t<div class=\"ekit-wid-con\" >        <!-- link opening -->\n                <!-- end link opening -->\n\n        <div class=\"elementskit-infobox text-center text-center icon-top-align elementor-animation-\">\n                    <div class=\"elementskit-box-header elementor-animation-\">\n                <div class=\"elementskit-info-box-icon\">\n                    <i aria-hidden=\"true\" class=\"elementkit-infobox-icon icon icon-favorites\"><\/i>\n                <\/div>\n          <\/div>\n                        <div class=\"box-body\">\n                            <div class=\"elementskit-info-box-title\">\n                     Virtual Label of Aragonese Music                <\/div>\n                        \t\t  \t<p>Since 2007, we have been the pioneer virtual label in Aragon. <br><br>\n\nWe are dedicated to editing and promoting already recorded musical projects, as well as helping emerging groups record and edit their music. <br><br>\n\nWe offer an organized and accessible way to listen to Aragonese music, providing a showcase for artists from our region.<br><br>\n<\/p>\n                                <\/div>\n        \n        \n                <\/div>\n        <\/div>\t\t\t\t<\/div>\n\t\t\t\t<\/div>\n\t\t\t\t\t<\/div>\n\t\t<\/div>\n\t\t\t\t<div class=\"elementor-column elementor-col-50 elementor-inner-column elementor-element elementor-element-49042f5c\" data-id=\"49042f5c\" data-element_type=\"column\" data-e-type=\"column\">\n\t\t\t<div class=\"elementor-widget-wrap elementor-element-populated\">\n\t\t\t\t\t\t<div class=\"elementor-element elementor-element-601b5ae2 ekit-equal-height-enable elementor-widget elementor-widget-elementskit-icon-box\" data-id=\"601b5ae2\" data-element_type=\"widget\" data-e-type=\"widget\" data-widget_type=\"elementskit-icon-box.default\">\n\t\t\t\t<div class=\"elementor-widget-container\">\n\t\t\t\t\t<div class=\"ekit-wid-con\" >        <!-- link opening -->\n                <!-- end link opening -->\n\n        <div class=\"elementskit-infobox text-center text-center icon-top-align elementor-animation-\">\n                    <div class=\"elementskit-box-header elementor-animation-\">\n                <div class=\"elementskit-info-box-icon\">\n                    <i aria-hidden=\"true\" class=\"elementkit-infobox-icon fas fa-compact-disc\"><\/i>\n                <\/div>\n          <\/div>\n                        <div class=\"box-body\">\n                            <div class=\"elementskit-info-box-title\">\n                    Distribution on Digital Platforms                <\/div>\n                        \t\t  \t<p>We are the Aragonese music distribution platform that brings the talent of our region to a global level. <br><br>\n\nWe work to ensure that Aragonese music projects are present on the main streaming platforms and social networks, including Spotify, Apple Music, TikTok, Amazon, Deezer, Instagram, Tidal and many more. <\/p>\n                                <\/div>\n        \n        \n                <\/div>\n        <\/div>\t\t\t\t<\/div>\n\t\t\t\t<\/div>\n\t\t\t\t\t<\/div>\n\t\t<\/div>\n\t\t\t\t\t<\/div>\n\t\t<\/section>\n\t\t\t\t<div class=\"elementor-element elementor-element-9cd1043 elementor-align-center elementor-widget elementor-widget-button\" data-id=\"9cd1043\" data-element_type=\"widget\" data-e-type=\"widget\" data-widget_type=\"button.default\">\n\t\t\t\t<div class=\"elementor-widget-container\">\n\t\t\t\t\t\t\t\t\t<div class=\"elementor-button-wrapper\">\n\t\t\t\t\t<a class=\"elementor-button elementor-button-link elementor-size-md\" href=\"https:\/\/virtualbum.digital\/en\/sobre-nosotros\/\">\n\t\t\t\t\t\t<span class=\"elementor-button-content-wrapper\">\n\t\t\t\t\t\t\t\t\t<span class=\"elementor-button-text\">Learn more about us<\/span>\n\t\t\t\t\t<\/span>\n\t\t\t\t\t<\/a>\n\t\t\t\t<\/div>\n\t\t\t\t\t\t\t\t<\/div>\n\t\t\t\t<\/div>\n\t\t\t\t\t<\/div>\n\t\t<\/div>\n\t\t\t\t\t<\/div>\n\t\t<\/section>\n\t\t\t\t<\/div>","protected":false},"excerpt":{"rendered":"<p>Punto de encuentro y difusi\u00f3n de la m\u00fasica aragonesa Descubre la escena musical aragonesa Contacto \u00bfQui\u00e9nes Somos? En Arag\u00f3n Musical, nos dedicamos a dar voz y visibilidad a la m\u00fasica aragonesa. Desde 2004, nuestro portal ha sido un punto de encuentro para artistas, grupos, entidades y apasionados de la m\u00fasica en Arag\u00f3n. Con el compromiso [&hellip;]<\/p>\n","protected":false},"author":1,"featured_media":0,"parent":0,"menu_order":1,"comment_status":"closed","ping_status":"closed","template":"","meta":{"footnotes":""},"class_list":["post-416","page","type-page","status-publish","hentry"],"yoast_head":"<!-- This site is optimized with the Yoast SEO plugin v27.4 - https:\/\/yoast.com\/product\/yoast-seo-wordpress\/ -->\n<title>Virtualbum<\/title>\n<meta name=\"description\" content=\"Punto de encuentro, promoci\u00f3n y difusi\u00f3n de la m\u00fasica aragonesa desde 2004.\" \/>\n<meta name=\"robots\" content=\"index, follow, max-snippet:-1, max-image-preview:large, max-video-preview:-1\" \/>\n<link rel=\"canonical\" href=\"https:\/\/virtualbum.digital\/en\/\" \/>\n<meta property=\"og:locale\" content=\"en_US\" \/>\n<meta property=\"og:type\" content=\"article\" \/>\n<meta property=\"og:title\" content=\"Virtualbum\" \/>\n<meta property=\"og:description\" content=\"Punto de encuentro, promoci\u00f3n y difusi\u00f3n de la m\u00fasica aragonesa desde 2004.\" \/>\n<meta property=\"og:url\" content=\"https:\/\/virtualbum.digital\/en\/\" \/>\n<meta property=\"og:site_name\" content=\"Virtualbum\" \/>\n<meta property=\"article:publisher\" content=\"https:\/\/www.facebook.com\/AragonMusical\" \/>\n<meta property=\"article:modified_time\" content=\"2024-12-03T07:08:02+00:00\" \/>\n<meta name=\"twitter:card\" content=\"summary_large_image\" \/>\n<meta name=\"twitter:site\" content=\"@aragonmusical\" \/>\n<script type=\"application\/ld+json\" class=\"yoast-schema-graph\">{\"@context\":\"https:\\\/\\\/schema.org\",\"@graph\":[{\"@type\":\"WebPage\",\"@id\":\"https:\\\/\\\/virtualbum.digital\\\/\",\"url\":\"https:\\\/\\\/virtualbum.digital\\\/\",\"name\":\"Virtualbum\",\"isPartOf\":{\"@id\":\"https:\\\/\\\/virtualbum.digital\\\/#website\"},\"datePublished\":\"2024-11-07T16:22:50+00:00\",\"dateModified\":\"2024-12-03T07:08:02+00:00\",\"description\":\"Punto de encuentro, promoci\u00f3n y difusi\u00f3n de la m\u00fasica aragonesa desde 2004.\",\"breadcrumb\":{\"@id\":\"https:\\\/\\\/virtualbum.digital\\\/#breadcrumb\"},\"inLanguage\":\"en-US\",\"potentialAction\":[{\"@type\":\"ReadAction\",\"target\":[\"https:\\\/\\\/virtualbum.digital\\\/\"]}]},{\"@type\":\"BreadcrumbList\",\"@id\":\"https:\\\/\\\/virtualbum.digital\\\/#breadcrumb\",\"itemListElement\":[{\"@type\":\"ListItem\",\"position\":1,\"name\":\"Inicio\",\"item\":\"https:\\\/\\\/virtualbum.digital\\\/\"},{\"@type\":\"ListItem\",\"position\":2,\"name\":\"Inicio\"}]},{\"@type\":\"WebSite\",\"@id\":\"https:\\\/\\\/virtualbum.digital\\\/#website\",\"url\":\"https:\\\/\\\/virtualbum.digital\\\/\",\"name\":\"Virtualbum\",\"description\":\"Distribuci\u00f3n Digital de M\u00fasica\",\"publisher\":{\"@id\":\"https:\\\/\\\/virtualbum.digital\\\/#organization\"},\"potentialAction\":[{\"@type\":\"SearchAction\",\"target\":{\"@type\":\"EntryPoint\",\"urlTemplate\":\"https:\\\/\\\/virtualbum.digital\\\/?s={search_term_string}\"},\"query-input\":{\"@type\":\"PropertyValueSpecification\",\"valueRequired\":true,\"valueName\":\"search_term_string\"}}],\"inLanguage\":\"en-US\"},{\"@type\":\"Organization\",\"@id\":\"https:\\\/\\\/virtualbum.digital\\\/#organization\",\"name\":\"Virtualbum\",\"url\":\"https:\\\/\\\/virtualbum.digital\\\/\",\"logo\":{\"@type\":\"ImageObject\",\"inLanguage\":\"en-US\",\"@id\":\"https:\\\/\\\/virtualbum.digital\\\/#\\\/schema\\\/logo\\\/image\\\/\",\"url\":\"https:\\\/\\\/virtualbum.digital\\\/wp-content\\\/uploads\\\/2024\\\/11\\\/logo.png\",\"contentUrl\":\"https:\\\/\\\/virtualbum.digital\\\/wp-content\\\/uploads\\\/2024\\\/11\\\/logo.png\",\"width\":976,\"height\":190,\"caption\":\"Virtualbum\"},\"image\":{\"@id\":\"https:\\\/\\\/virtualbum.digital\\\/#\\\/schema\\\/logo\\\/image\\\/\"},\"sameAs\":[\"https:\\\/\\\/www.facebook.com\\\/AragonMusical\",\"https:\\\/\\\/x.com\\\/aragonmusical\",\"https:\\\/\\\/www.instagram.com\\\/aragonmusical\\\/\"]}]}<\/script>\n<!-- \/ Yoast SEO plugin. -->","yoast_head_json":{"title":"Virtualbum","description":"Meeting point, promotion and dissemination of Aragonese music since 2004.","robots":{"index":"index","follow":"follow","max-snippet":"max-snippet:-1","max-image-preview":"max-image-preview:large","max-video-preview":"max-video-preview:-1"},"canonical":"https:\/\/virtualbum.digital\/en\/","og_locale":"en_US","og_type":"article","og_title":"Virtualbum","og_description":"Punto de encuentro, promoci\u00f3n y difusi\u00f3n de la m\u00fasica aragonesa desde 2004.","og_url":"https:\/\/virtualbum.digital\/en\/","og_site_name":"Virtualbum","article_publisher":"https:\/\/www.facebook.com\/AragonMusical","article_modified_time":"2024-12-03T07:08:02+00:00","twitter_card":"summary_large_image","twitter_site":"@aragonmusical","schema":{"@context":"https:\/\/schema.org","@graph":[{"@type":"WebPage","@id":"https:\/\/virtualbum.digital\/","url":"https:\/\/virtualbum.digital\/","name":"Virtualbum","isPartOf":{"@id":"https:\/\/virtualbum.digital\/#website"},"datePublished":"2024-11-07T16:22:50+00:00","dateModified":"2024-12-03T07:08:02+00:00","description":"Meeting point, promotion and dissemination of Aragonese music since 2004.","breadcrumb":{"@id":"https:\/\/virtualbum.digital\/#breadcrumb"},"inLanguage":"en-US","potentialAction":[{"@type":"ReadAction","target":["https:\/\/virtualbum.digital\/"]}]},{"@type":"BreadcrumbList","@id":"https:\/\/virtualbum.digital\/#breadcrumb","itemListElement":[{"@type":"ListItem","position":1,"name":"Inicio","item":"https:\/\/virtualbum.digital\/"},{"@type":"ListItem","position":2,"name":"Inicio"}]},{"@type":"WebSite","@id":"https:\/\/virtualbum.digital\/#website","url":"https:\/\/virtualbum.digital\/","name":"Virtualbum","description":"Digital Music Distribution","publisher":{"@id":"https:\/\/virtualbum.digital\/#organization"},"potentialAction":[{"@type":"SearchAction","target":{"@type":"EntryPoint","urlTemplate":"https:\/\/virtualbum.digital\/?s={search_term_string}"},"query-input":{"@type":"PropertyValueSpecification","valueRequired":true,"valueName":"search_term_string"}}],"inLanguage":"en-US"},{"@type":"Organization","@id":"https:\/\/virtualbum.digital\/#organization","name":"Virtualbum","url":"https:\/\/virtualbum.digital\/","logo":{"@type":"ImageObject","inLanguage":"en-US","@id":"https:\/\/virtualbum.digital\/#\/schema\/logo\/image\/","url":"https:\/\/virtualbum.digital\/wp-content\/uploads\/2024\/11\/logo.png","contentUrl":"https:\/\/virtualbum.digital\/wp-content\/uploads\/2024\/11\/logo.png","width":976,"height":190,"caption":"Virtualbum"},"image":{"@id":"https:\/\/virtualbum.digital\/#\/schema\/logo\/image\/"},"sameAs":["https:\/\/www.facebook.com\/AragonMusical","https:\/\/x.com\/aragonmusical","https:\/\/www.instagram.com\/aragonmusical\/"]}]}},"_links":{"self":[{"href":"https:\/\/virtualbum.digital\/en\/wp-json\/wp\/v2\/pages\/416","targetHints":{"allow":["GET"]}}],"collection":[{"href":"https:\/\/virtualbum.digital\/en\/wp-json\/wp\/v2\/pages"}],"about":[{"href":"https:\/\/virtualbum.digital\/en\/wp-json\/wp\/v2\/types\/page"}],"author":[{"embeddable":true,"href":"https:\/\/virtualbum.digital\/en\/wp-json\/wp\/v2\/users\/1"}],"replies":[{"embeddable":true,"href":"https:\/\/virtualbum.digital\/en\/wp-json\/wp\/v2\/comments?post=416"}],"version-history":[{"count":53,"href":"https:\/\/virtualbum.digital\/en\/wp-json\/wp\/v2\/pages\/416\/revisions"}],"predecessor-version":[{"id":647,"href":"https:\/\/virtualbum.digital\/en\/wp-json\/wp\/v2\/pages\/416\/revisions\/647"}],"wp:attachment":[{"href":"https:\/\/virtualbum.digital\/en\/wp-json\/wp\/v2\/media?parent=416"}],"curies":[{"name":"wp","href":"https:\/\/api.w.org\/{rel}","templated":true}]}}