{"id":420,"date":"2024-11-07T17:23:13","date_gmt":"2024-11-07T16:23:13","guid":{"rendered":"https:\/\/virtualbum.digital\/?page_id=420"},"modified":"2024-12-03T08:09:24","modified_gmt":"2024-12-03T07:09:24","slug":"contacto","status":"publish","type":"page","link":"https:\/\/virtualbum.digital\/en\/contacto\/","title":{"rendered":"Contact"},"content":{"rendered":"<div data-elementor-type=\"wp-page\" data-elementor-id=\"420\" class=\"elementor elementor-420\" data-elementor-post-type=\"page\">\n\t\t\t\t\t\t<section class=\"elementor-section elementor-top-section elementor-element elementor-element-15c03ad9 elementor-section-boxed elementor-section-height-default elementor-section-height-default\" data-id=\"15c03ad9\" data-element_type=\"section\" data-e-type=\"section\" data-settings=\"{&quot;background_background&quot;:&quot;classic&quot;}\">\n\t\t\t\t\t\t\t<div class=\"elementor-background-overlay\"><\/div>\n\t\t\t\t\t\t\t<div class=\"elementor-container elementor-column-gap-default\">\n\t\t\t\t\t<div class=\"elementor-column elementor-col-100 elementor-top-column elementor-element elementor-element-7cfa1bc1\" data-id=\"7cfa1bc1\" data-element_type=\"column\" data-e-type=\"column\">\n\t\t\t<div class=\"elementor-widget-wrap elementor-element-populated\">\n\t\t\t\t\t\t<div class=\"elementor-element elementor-element-5d5321bc elementor-widget elementor-widget-hfe-breadcrumbs-widget\" data-id=\"5d5321bc\" data-element_type=\"widget\" data-e-type=\"widget\" data-widget_type=\"hfe-breadcrumbs-widget.default\">\n\t\t\t\t<div class=\"elementor-widget-container\">\n\t\t\t\t\t<nav aria-label=\"Breadcrumb\"><ul class=\"hfe-breadcrumbs hfe-breadcrumbs-show-home\"><li class=\"hfe-breadcrumbs-item hfe-breadcrumbs-first\"><span class=\"hfe-breadcrumbs-home-icon\"><i aria-hidden=\"true\" class=\"fas fa-home\"><\/i><\/span><a href=\"https:\/\/virtualbum.digital\/en\"><span class=\"hfe-breadcrumbs-text\">Home<\/span><\/a><\/li><\/ul><\/nav>\t\t\t\t<\/div>\n\t\t\t\t<\/div>\n\t\t\t\t<div class=\"elementor-element elementor-element-3a34b4af elementor-widget elementor-widget-heading\" data-id=\"3a34b4af\" data-element_type=\"widget\" data-e-type=\"widget\" data-widget_type=\"heading.default\">\n\t\t\t\t<div class=\"elementor-widget-container\">\n\t\t\t\t\t<h1 class=\"elementor-heading-title elementor-size-default\">Contact<\/h1>\t\t\t\t<\/div>\n\t\t\t\t<\/div>\n\t\t\t\t\t<\/div>\n\t\t<\/div>\n\t\t\t\t\t<\/div>\n\t\t<\/section>\n\t\t\t\t<section class=\"elementor-section elementor-top-section elementor-element elementor-element-22f0583b elementor-section-boxed elementor-section-height-default elementor-section-height-default\" data-id=\"22f0583b\" data-element_type=\"section\" data-e-type=\"section\">\n\t\t\t\t\t\t<div class=\"elementor-container elementor-column-gap-default\">\n\t\t\t\t\t<div class=\"elementor-column elementor-col-50 elementor-top-column elementor-element elementor-element-4cabc7d7\" data-id=\"4cabc7d7\" data-element_type=\"column\" data-e-type=\"column\">\n\t\t\t<div class=\"elementor-widget-wrap elementor-element-populated\">\n\t\t\t\t\t\t<div class=\"elementor-element elementor-element-55718a8a elementor-widget elementor-widget-heading\" data-id=\"55718a8a\" data-element_type=\"widget\" data-e-type=\"widget\" data-widget_type=\"heading.default\">\n\t\t\t\t<div class=\"elementor-widget-container\">\n\t\t\t\t\t<div class=\"elementor-heading-title elementor-size-default\">Contact us<\/div>\t\t\t\t<\/div>\n\t\t\t\t<\/div>\n\t\t\t\t<div class=\"elementor-element elementor-element-6a431424 elementor-widget elementor-widget-heading\" data-id=\"6a431424\" data-element_type=\"widget\" data-e-type=\"widget\" data-widget_type=\"heading.default\">\n\t\t\t\t<div class=\"elementor-widget-container\">\n\t\t\t\t\t<h2 class=\"elementor-heading-title elementor-size-default\">Let&#039;s talk<\/h2>\t\t\t\t<\/div>\n\t\t\t\t<\/div>\n\t\t\t\t<div class=\"elementor-element elementor-element-7405eab7 elementor-widget elementor-widget-text-editor\" data-id=\"7405eab7\" data-element_type=\"widget\" data-e-type=\"widget\" data-widget_type=\"text-editor.default\">\n\t\t\t\t<div class=\"elementor-widget-container\">\n\t\t\t\t\t\t\t\t\t<p>Do you have any questions, suggestions or would you like to collaborate with us to promote Aragonese music? We would love to hear from you. We are here for you, to help you discover and spread the musical talent of our region.<\/p>\t\t\t\t\t\t\t\t<\/div>\n\t\t\t\t<\/div>\n\t\t\t\t<div class=\"elementor-element elementor-element-128d095a elementor-widget-divider--view-line elementor-widget elementor-widget-divider\" data-id=\"128d095a\" data-element_type=\"widget\" data-e-type=\"widget\" data-widget_type=\"divider.default\">\n\t\t\t\t<div class=\"elementor-widget-container\">\n\t\t\t\t\t\t\t<div class=\"elementor-divider\">\n\t\t\t<span class=\"elementor-divider-separator\">\n\t\t\t\t\t\t<\/span>\n\t\t<\/div>\n\t\t\t\t\t\t<\/div>\n\t\t\t\t<\/div>\n\t\t\t\t<div class=\"elementor-element elementor-element-6e7274b3 e-grid-align-mobile-center elementor-shape-rounded elementor-grid-0 elementor-widget elementor-widget-social-icons\" data-id=\"6e7274b3\" data-element_type=\"widget\" data-e-type=\"widget\" data-widget_type=\"social-icons.default\">\n\t\t\t\t<div class=\"elementor-widget-container\">\n\t\t\t\t\t\t\t<div class=\"elementor-social-icons-wrapper elementor-grid\" role=\"list\">\n\t\t\t\t\t\t\t<span class=\"elementor-grid-item\" role=\"listitem\">\n\t\t\t\t\t<a class=\"elementor-icon elementor-social-icon elementor-social-icon-facebook-f elementor-animation-float elementor-repeater-item-bc05d85\" href=\"https:\/\/www.facebook.com\/AragonMusical\" target=\"_blank\">\n\t\t\t\t\t\t<span class=\"elementor-screen-only\">Facebook-f<\/span>\n\t\t\t\t\t\t<i aria-hidden=\"true\" class=\"fab fa-facebook-f\"><\/i>\t\t\t\t\t<\/a>\n\t\t\t\t<\/span>\n\t\t\t\t\t\t\t<span class=\"elementor-grid-item\" role=\"listitem\">\n\t\t\t\t\t<a class=\"elementor-icon elementor-social-icon elementor-social-icon-twitter elementor-animation-float elementor-repeater-item-2a7d665\" href=\"https:\/\/x.com\/aragonmusical\" target=\"_blank\">\n\t\t\t\t\t\t<span class=\"elementor-screen-only\">Twitter<\/span>\n\t\t\t\t\t\t<i aria-hidden=\"true\" class=\"fab fa-twitter\"><\/i>\t\t\t\t\t<\/a>\n\t\t\t\t<\/span>\n\t\t\t\t\t\t\t<span class=\"elementor-grid-item\" role=\"listitem\">\n\t\t\t\t\t<a class=\"elementor-icon elementor-social-icon elementor-social-icon-icon-instagram-1 elementor-animation-float elementor-repeater-item-139491e\" href=\"https:\/\/www.instagram.com\/aragonmusical\/\" target=\"_blank\">\n\t\t\t\t\t\t<span class=\"elementor-screen-only\">Icon-instagram-1<\/span>\n\t\t\t\t\t\t<i aria-hidden=\"true\" class=\"icon icon-instagram-1\"><\/i>\t\t\t\t\t<\/a>\n\t\t\t\t<\/span>\n\t\t\t\t\t<\/div>\n\t\t\t\t\t\t<\/div>\n\t\t\t\t<\/div>\n\t\t\t\t\t<\/div>\n\t\t<\/div>\n\t\t\t\t<div class=\"elementor-column elementor-col-50 elementor-top-column elementor-element elementor-element-38346d4a\" data-id=\"38346d4a\" data-element_type=\"column\" data-e-type=\"column\" data-settings=\"{&quot;background_background&quot;:&quot;classic&quot;}\">\n\t\t\t<div class=\"elementor-widget-wrap elementor-element-populated\">\n\t\t\t\t\t\t<div class=\"elementor-element elementor-element-9112e51 uael-cf7-btn-size-md uael-cf7-style-box uael-cf7-input-size-sm uael-cf7-button-left uael-cf7-highlight-style-default elementor-widget elementor-widget-uael-cf7-styler\" data-id=\"9112e51\" data-element_type=\"widget\" data-e-type=\"widget\" data-widget_type=\"uael-cf7-styler.default\">\n\t\t\t\t<div class=\"elementor-widget-container\">\n\t\t\t\t\t\t\t\t\t<div class = \"uael-cf7-container\">\n\t\t\t\t\t\t<div class = \"uael-cf7 uael-cf7-style elementor-clickable\">\n\t\t\t\t\t\t\n<div class=\"wpcf7 no-js\" id=\"wpcf7-f5-o1\" lang=\"es-ES\" dir=\"ltr\" data-wpcf7-id=\"5\">\n<div class=\"screen-reader-response\"><p role=\"status\" aria-live=\"polite\" aria-atomic=\"true\"><\/p> <ul><\/ul><\/div>\n<form action=\"\/en\/wp-json\/wp\/v2\/pages\/420#wpcf7-f5-o1\" method=\"post\" class=\"wpcf7-form init\" aria-label=\"Contact form\" novalidate=\"novalidate\" data-status=\"init\" data-trp-original-action=\"\/en\/wp-json\/wp\/v2\/pages\/420#wpcf7-f5-o1\">\n<fieldset class=\"hidden-fields-container\"><input type=\"hidden\" name=\"_wpcf7\" value=\"5\" \/><input type=\"hidden\" name=\"_wpcf7_version\" value=\"6.1.5\" \/><input type=\"hidden\" name=\"_wpcf7_locale\" value=\"es_ES\" \/><input type=\"hidden\" name=\"_wpcf7_unit_tag\" value=\"wpcf7-f5-o1\" \/><input type=\"hidden\" name=\"_wpcf7_container_post\" value=\"0\" \/><input type=\"hidden\" name=\"_wpcf7_posted_data_hash\" value=\"\" \/>\n<\/fieldset>\n<p><label for=\"your-name\">Your name<\/label>\n<\/p>\n<p><span class=\"wpcf7-form-control-wrap\" data-name=\"your-name\"><input size=\"40\" maxlength=\"400\" class=\"wpcf7-form-control wpcf7-text wpcf7-validates-as-required\" id=\"your-name\" aria-required=\"true\" aria-invalid=\"false\" value=\"\" type=\"text\" name=\"your-name\" \/><\/span>\n<\/p>\n<p><label for=\"your-email\">Your email<\/label>\n<\/p>\n<p><span class=\"wpcf7-form-control-wrap\" data-name=\"your-email\"><input size=\"40\" maxlength=\"400\" class=\"wpcf7-form-control wpcf7-email wpcf7-validates-as-required wpcf7-text wpcf7-validates-as-email\" id=\"your-email\" aria-required=\"true\" aria-invalid=\"false\" value=\"\" type=\"email\" name=\"your-email\" \/><\/span>\n<\/p>\n<p><label for=\"your-subject\">Affair<\/label>\n<\/p>\n<p><span class=\"wpcf7-form-control-wrap\" data-name=\"your-subject\"><input size=\"40\" maxlength=\"400\" class=\"wpcf7-form-control wpcf7-text wpcf7-validates-as-required\" id=\"your-subject\" aria-required=\"true\" aria-invalid=\"false\" value=\"\" type=\"text\" name=\"your-subject\" \/><\/span>\n<\/p>\n<p><span id=\"email-campo-w\" class=\"wpcf7-form-control-wrap email-campo-wrap\" style=\"display:none !important; visibility:hidden !important;\"><label for=\"email-campo\" class=\"hp-message\">Please leave this field empty.<\/label><input id=\"email-campo\"  class=\"wpcf7-form-control wpcf7-text email-campo\" type=\"text\" name=\"email-campo\" value=\"\" size=\"40\" tabindex=\"-1\" autocomplete=\"new-password\" \/><\/span><span id=\"website-campo-w\" class=\"wpcf7-form-control-wrap website-campo-wrap\" style=\"display:none !important; visibility:hidden !important;\"><label for=\"website-campo\" class=\"hp-message\">Please leave this field empty.<\/label><input id=\"website-campo\"  class=\"wpcf7-form-control wpcf7-text website-campo\" type=\"text\" name=\"website-campo\" value=\"\" size=\"40\" tabindex=\"-1\" autocomplete=\"new-password\" \/><\/span>\n<\/p>\n<p><label for=\"your-message\">Your message<\/label>\n<\/p>\n<p><span class=\"wpcf7-form-control-wrap\" data-name=\"your-message\"><textarea cols=\"40\" rows=\"10\" maxlength=\"2000\" class=\"wpcf7-form-control wpcf7-textarea wpcf7-validates-as-required\" id=\"your-message\" aria-required=\"true\" aria-invalid=\"false\" name=\"your-message\"><\/textarea><\/span>\n<\/p>\n<p><span class=\"wpcf7-form-control-wrap\" data-name=\"acceptance-RGPD\"><span class=\"wpcf7-form-control wpcf7-acceptance\"><span class=\"wpcf7-list-item\"><label><input type=\"checkbox\" name=\"acceptance-RGPD\" value=\"1\" aria-invalid=\"false\" \/><span class=\"wpcf7-list-item-label\">I have read and accept the <a href=\"..\/politica-de-privacidad\/\">Privacy Policy<\/a><\/span><\/label><\/span><\/span><\/span>\n<\/p>\n<p><input class=\"wpcf7-form-control wpcf7-submit has-spinner\" type=\"submit\" value=\"Send\" \/>\n<\/p>\n<div class=\"wpcf7-response-output\" aria-hidden=\"true\"><\/div>\n<input type=\"hidden\" name=\"trp-form-language\" value=\"en\"\/><\/form>\n<\/div>\n\t\t\t\t\t<\/div>\n\t\t\t\t<\/div>\n\t\t\t\t\t\t\t\t<\/div>\n\t\t\t\t<\/div>\n\t\t\t\t\t<\/div>\n\t\t<\/div>\n\t\t\t\t\t<\/div>\n\t\t<\/section>\n\t\t\t\t<section class=\"elementor-section elementor-top-section elementor-element elementor-element-20b0ba09 elementor-section-height-min-height elementor-section-boxed elementor-section-height-default elementor-section-items-middle\" data-id=\"20b0ba09\" data-element_type=\"section\" data-e-type=\"section\" data-settings=\"{&quot;background_background&quot;:&quot;classic&quot;}\">\n\t\t\t\t\t\t\t<div class=\"elementor-background-overlay\"><\/div>\n\t\t\t\t\t\t\t<div class=\"elementor-container elementor-column-gap-default\">\n\t\t\t\t\t<div class=\"elementor-column elementor-col-50 elementor-top-column elementor-element elementor-element-4e9ee7fb\" data-id=\"4e9ee7fb\" data-element_type=\"column\" data-e-type=\"column\">\n\t\t\t<div class=\"elementor-widget-wrap elementor-element-populated\">\n\t\t\t\t\t\t\t<\/div>\n\t\t<\/div>\n\t\t\t\t<div class=\"elementor-column elementor-col-50 elementor-top-column elementor-element elementor-element-3026ce50\" data-id=\"3026ce50\" data-element_type=\"column\" data-e-type=\"column\">\n\t\t\t<div class=\"elementor-widget-wrap\">\n\t\t\t\t\t\t\t<\/div>\n\t\t<\/div>\n\t\t\t\t\t<\/div>\n\t\t<\/section>\n\t\t\t\t<\/div>","protected":false},"excerpt":{"rendered":"<p>Inicio Contacta con nosotros Hablemos \u00bfTienes alguna pregunta, sugerencia o deseas colaborar con nosotros para impulsar la m\u00fasica aragonesa? Nos encantar\u00eda escucharte. Estamos aqu\u00ed para ti, para ayudarte a descubrir y difundir el talento musical de nuestra regi\u00f3n. Facebook-f Twitter Icon-instagram-1 Tu nombre Tu correo electr\u00f3nico Asunto Por favor, deja este campo vac\u00edo.Por favor, deja [&hellip;]<\/p>\n","protected":false},"author":1,"featured_media":0,"parent":0,"menu_order":3,"comment_status":"closed","ping_status":"closed","template":"","meta":{"footnotes":""},"class_list":["post-420","page","type-page","status-publish","hentry"],"yoast_head":"<!-- This site is optimized with the Yoast SEO plugin v27.4 - https:\/\/yoast.com\/product\/yoast-seo-wordpress\/ -->\n<title>Contacto - Virtualbum<\/title>\n<meta name=\"description\" content=\"Contacta con Arag\u00f3n Musical y forma parte de la comunidad que impulsa la m\u00fasica aragonesa.\" \/>\n<meta name=\"robots\" content=\"index, follow, max-snippet:-1, max-image-preview:large, max-video-preview:-1\" \/>\n<link rel=\"canonical\" href=\"https:\/\/virtualbum.digital\/en\/contacto\/\" \/>\n<meta property=\"og:locale\" content=\"en_US\" \/>\n<meta property=\"og:type\" content=\"article\" \/>\n<meta property=\"og:title\" content=\"Contacto - Virtualbum\" \/>\n<meta property=\"og:description\" content=\"Contacta con Arag\u00f3n Musical y forma parte de la comunidad que impulsa la m\u00fasica aragonesa.\" \/>\n<meta property=\"og:url\" content=\"https:\/\/virtualbum.digital\/en\/contacto\/\" \/>\n<meta property=\"og:site_name\" content=\"Virtualbum\" \/>\n<meta property=\"article:publisher\" content=\"https:\/\/www.facebook.com\/AragonMusical\" \/>\n<meta property=\"article:modified_time\" content=\"2024-12-03T07:09:24+00:00\" \/>\n<meta name=\"twitter:card\" content=\"summary_large_image\" \/>\n<meta name=\"twitter:site\" content=\"@aragonmusical\" \/>\n<script type=\"application\/ld+json\" class=\"yoast-schema-graph\">{\"@context\":\"https:\\\/\\\/schema.org\",\"@graph\":[{\"@type\":\"WebPage\",\"@id\":\"https:\\\/\\\/virtualbum.digital\\\/contacto\\\/\",\"url\":\"https:\\\/\\\/virtualbum.digital\\\/contacto\\\/\",\"name\":\"Contacto - Virtualbum\",\"isPartOf\":{\"@id\":\"https:\\\/\\\/virtualbum.digital\\\/#website\"},\"datePublished\":\"2024-11-07T16:23:13+00:00\",\"dateModified\":\"2024-12-03T07:09:24+00:00\",\"description\":\"Contacta con Arag\u00f3n Musical y forma parte de la comunidad que impulsa la m\u00fasica aragonesa.\",\"breadcrumb\":{\"@id\":\"https:\\\/\\\/virtualbum.digital\\\/contacto\\\/#breadcrumb\"},\"inLanguage\":\"en-US\",\"potentialAction\":[{\"@type\":\"ReadAction\",\"target\":[\"https:\\\/\\\/virtualbum.digital\\\/contacto\\\/\"]}]},{\"@type\":\"BreadcrumbList\",\"@id\":\"https:\\\/\\\/virtualbum.digital\\\/contacto\\\/#breadcrumb\",\"itemListElement\":[{\"@type\":\"ListItem\",\"position\":1,\"name\":\"Inicio\",\"item\":\"https:\\\/\\\/virtualbum.digital\\\/\"},{\"@type\":\"ListItem\",\"position\":2,\"name\":\"Contacto\"}]},{\"@type\":\"WebSite\",\"@id\":\"https:\\\/\\\/virtualbum.digital\\\/#website\",\"url\":\"https:\\\/\\\/virtualbum.digital\\\/\",\"name\":\"Virtualbum\",\"description\":\"Distribuci\u00f3n Digital de M\u00fasica\",\"publisher\":{\"@id\":\"https:\\\/\\\/virtualbum.digital\\\/#organization\"},\"potentialAction\":[{\"@type\":\"SearchAction\",\"target\":{\"@type\":\"EntryPoint\",\"urlTemplate\":\"https:\\\/\\\/virtualbum.digital\\\/?s={search_term_string}\"},\"query-input\":{\"@type\":\"PropertyValueSpecification\",\"valueRequired\":true,\"valueName\":\"search_term_string\"}}],\"inLanguage\":\"en-US\"},{\"@type\":\"Organization\",\"@id\":\"https:\\\/\\\/virtualbum.digital\\\/#organization\",\"name\":\"Virtualbum\",\"url\":\"https:\\\/\\\/virtualbum.digital\\\/\",\"logo\":{\"@type\":\"ImageObject\",\"inLanguage\":\"en-US\",\"@id\":\"https:\\\/\\\/virtualbum.digital\\\/#\\\/schema\\\/logo\\\/image\\\/\",\"url\":\"https:\\\/\\\/virtualbum.digital\\\/wp-content\\\/uploads\\\/2024\\\/11\\\/logo.png\",\"contentUrl\":\"https:\\\/\\\/virtualbum.digital\\\/wp-content\\\/uploads\\\/2024\\\/11\\\/logo.png\",\"width\":976,\"height\":190,\"caption\":\"Virtualbum\"},\"image\":{\"@id\":\"https:\\\/\\\/virtualbum.digital\\\/#\\\/schema\\\/logo\\\/image\\\/\"},\"sameAs\":[\"https:\\\/\\\/www.facebook.com\\\/AragonMusical\",\"https:\\\/\\\/x.com\\\/aragonmusical\",\"https:\\\/\\\/www.instagram.com\\\/aragonmusical\\\/\"]}]}<\/script>\n<!-- \/ Yoast SEO plugin. -->","yoast_head_json":{"title":"Contact - Virtualbum","description":"Contact Arag\u00f3n Musical and become part of the community that promotes Aragonese music.","robots":{"index":"index","follow":"follow","max-snippet":"max-snippet:-1","max-image-preview":"max-image-preview:large","max-video-preview":"max-video-preview:-1"},"canonical":"https:\/\/virtualbum.digital\/en\/contacto\/","og_locale":"en_US","og_type":"article","og_title":"Contacto - Virtualbum","og_description":"Contacta con Arag\u00f3n Musical y forma parte de la comunidad que impulsa la m\u00fasica aragonesa.","og_url":"https:\/\/virtualbum.digital\/en\/contacto\/","og_site_name":"Virtualbum","article_publisher":"https:\/\/www.facebook.com\/AragonMusical","article_modified_time":"2024-12-03T07:09:24+00:00","twitter_card":"summary_large_image","twitter_site":"@aragonmusical","schema":{"@context":"https:\/\/schema.org","@graph":[{"@type":"WebPage","@id":"https:\/\/virtualbum.digital\/contacto\/","url":"https:\/\/virtualbum.digital\/contacto\/","name":"Contact - Virtualbum","isPartOf":{"@id":"https:\/\/virtualbum.digital\/#website"},"datePublished":"2024-11-07T16:23:13+00:00","dateModified":"2024-12-03T07:09:24+00:00","description":"Contact Arag\u00f3n Musical and become part of the community that promotes Aragonese music.","breadcrumb":{"@id":"https:\/\/virtualbum.digital\/contacto\/#breadcrumb"},"inLanguage":"en-US","potentialAction":[{"@type":"ReadAction","target":["https:\/\/virtualbum.digital\/contacto\/"]}]},{"@type":"BreadcrumbList","@id":"https:\/\/virtualbum.digital\/contacto\/#breadcrumb","itemListElement":[{"@type":"ListItem","position":1,"name":"Inicio","item":"https:\/\/virtualbum.digital\/"},{"@type":"ListItem","position":2,"name":"Contacto"}]},{"@type":"WebSite","@id":"https:\/\/virtualbum.digital\/#website","url":"https:\/\/virtualbum.digital\/","name":"Virtualbum","description":"Digital Music Distribution","publisher":{"@id":"https:\/\/virtualbum.digital\/#organization"},"potentialAction":[{"@type":"SearchAction","target":{"@type":"EntryPoint","urlTemplate":"https:\/\/virtualbum.digital\/?s={search_term_string}"},"query-input":{"@type":"PropertyValueSpecification","valueRequired":true,"valueName":"search_term_string"}}],"inLanguage":"en-US"},{"@type":"Organization","@id":"https:\/\/virtualbum.digital\/#organization","name":"Virtualbum","url":"https:\/\/virtualbum.digital\/","logo":{"@type":"ImageObject","inLanguage":"en-US","@id":"https:\/\/virtualbum.digital\/#\/schema\/logo\/image\/","url":"https:\/\/virtualbum.digital\/wp-content\/uploads\/2024\/11\/logo.png","contentUrl":"https:\/\/virtualbum.digital\/wp-content\/uploads\/2024\/11\/logo.png","width":976,"height":190,"caption":"Virtualbum"},"image":{"@id":"https:\/\/virtualbum.digital\/#\/schema\/logo\/image\/"},"sameAs":["https:\/\/www.facebook.com\/AragonMusical","https:\/\/x.com\/aragonmusical","https:\/\/www.instagram.com\/aragonmusical\/"]}]}},"_links":{"self":[{"href":"https:\/\/virtualbum.digital\/en\/wp-json\/wp\/v2\/pages\/420","targetHints":{"allow":["GET"]}}],"collection":[{"href":"https:\/\/virtualbum.digital\/en\/wp-json\/wp\/v2\/pages"}],"about":[{"href":"https:\/\/virtualbum.digital\/en\/wp-json\/wp\/v2\/types\/page"}],"author":[{"embeddable":true,"href":"https:\/\/virtualbum.digital\/en\/wp-json\/wp\/v2\/users\/1"}],"replies":[{"embeddable":true,"href":"https:\/\/virtualbum.digital\/en\/wp-json\/wp\/v2\/comments?post=420"}],"version-history":[{"count":29,"href":"https:\/\/virtualbum.digital\/en\/wp-json\/wp\/v2\/pages\/420\/revisions"}],"predecessor-version":[{"id":649,"href":"https:\/\/virtualbum.digital\/en\/wp-json\/wp\/v2\/pages\/420\/revisions\/649"}],"wp:attachment":[{"href":"https:\/\/virtualbum.digital\/en\/wp-json\/wp\/v2\/media?parent=420"}],"curies":[{"name":"wp","href":"https:\/\/api.w.org\/{rel}","templated":true}]}}