{"id":88,"date":"2023-03-01T14:03:52","date_gmt":"2023-03-01T13:03:52","guid":{"rendered":"https:\/\/virtualbum.digital\/?page_id=88"},"modified":"2023-11-05T17:42:42","modified_gmt":"2023-11-05T16:42:42","slug":"politica-de-cookies","status":"publish","type":"page","link":"https:\/\/virtualbum.digital\/en\/politica-de-cookies\/","title":{"rendered":"Cookie Policy"},"content":{"rendered":"<p>This website uses cookies. Here&#039;s what cookies are and how we use them on our website. You can change your cookie preferences at any time:<\/p>\n<p style=\"text-align: center;\"><a href=\"#\" class=\"_brlbs-btn-cookie-preference borlabs-cookie-preference\">Cookie preferences<\/a><\/p>\n<hr \/>\n<p>In compliance with Law 34\/2002, of July 11, on Information Society Services and Electronic Commerce, we inform you that this website, like most websites on the Internet, uses Cookies to improve and optimize the user experience.<\/p>\n<p>Below you will find detailed information about what Cookies are, what types this website uses, how to change your cookie settings, and what happens if you disable Cookies.<\/p>\n<h2>What are Cookies?<\/h2>\n<p>A cookie is a small file that is downloaded to the user&#039;s computer for the purpose of storing data, which can be updated and retrieved by the entity responsible for its installation.<\/p>\n<h2>What type of Cookies does this website use?<\/h2>\n<p>Below is a table with the Cookies used on this website. You can find out about transfers to third countries that, where applicable, are carried out by the third parties identified in this cookie policy in their corresponding policies.<\/p>\n<div class=\"BorlabsCookie\"><h3 class=\"_brlbs _brlbs-cg-essential\">Essential<\/h3><p class=\"_brlbs _brlbs-cg-essential\">Essential cookies enable basic functions and are necessary for the proper functioning of the website.<\/p><h4 class=\"_brlbs _brlbs-c-borlabs-cookie\">Borlabs Cookie<\/h4><div class=\"_brlbs-responsive-table\"><table class=\"_brlbs _brlbs-c-borlabs-cookie\"><tr><th scope=\"row\">Name<\/th><td>Borlabs Cookie<\/td><\/tr><tr><th scope=\"row\">Supplier<\/th><td>Owner of this website<span>, <\/span><a href=\"https:\/\/virtualbum.digital\/en\/aviso-legal\/\">Legal notice<\/a><\/td><\/tr><tr><th scope=\"row\">Purpose<\/th><td>Saves the visitors preferences selected in the Cookie Box of Borlabs Cookie.<\/td><\/tr><tr><th scope=\"row\">Name of the cookie<\/th><td>borlabs-cookie<\/td><\/tr><tr><th scope=\"row\">Cookie expiration<\/th><td>1 year<\/td><\/tr><\/table><\/div><h3 class=\"_brlbs _brlbs-cg-statistics\">Statistics<\/h3><p class=\"_brlbs _brlbs-cg-statistics\">Statistics cookies collect information anonymously. This information helps us understand how our visitors use our website.<\/p><h3 class=\"_brlbs _brlbs-cg-external-media\">External media<\/h3><p class=\"_brlbs _brlbs-cg-external-media\">Content from video platforms and social media platforms is blocked by default. If External Media cookies are accepted, access to those contents no longer requires manual consent.<\/p><h4 class=\"_brlbs _brlbs-c-facebook\">Facebook<\/h4><div class=\"_brlbs-responsive-table\"><table class=\"_brlbs _brlbs-c-facebook\"><tr><th scope=\"row\">Name<\/th><td>Facebook<\/td><\/tr><tr><th scope=\"row\">Supplier<\/th><td>Meta Platforms Ireland Limited, 4 Grand Canal Square, Dublin 2, Ireland<\/td><\/tr><tr><th scope=\"row\">Purpose<\/th><td>Used to unblock Facebook content.<\/td><\/tr><tr><th scope=\"row\">Privacy Policy<\/th><td><a href=\"https:\/\/www.facebook.com\/privacy\/explanation\" target=\"_blank\" rel=\"nofollow noopener noreferrer\">https:\/\/www.facebook.com\/privacy\/explanation<\/a><\/td><\/tr><tr><th scope=\"row\">Host(s)<\/th><td>.facebook.com<\/td><\/tr><\/table><\/div><h4 class=\"_brlbs _brlbs-c-spotify\">Spotify<\/h4><div class=\"_brlbs-responsive-table\"><table class=\"_brlbs _brlbs-c-spotify\"><tr><th scope=\"row\">Name<\/th><td>Spotify<\/td><\/tr><tr><th scope=\"row\">Supplier<\/th><td>Spotify<\/td><\/tr><tr><th scope=\"row\">Purpose<\/th><td>Used to unblock Spotify content.<\/td><\/tr><tr><th scope=\"row\">Privacy Policy<\/th><td><a href=\"https:\/\/www.spotify.com\/us\/legal\/privacy-policy\/\" target=\"_blank\" rel=\"nofollow noopener noreferrer\">https:\/\/www.spotify.com\/us\/legal\/privacy-policy\/<\/a><\/td><\/tr><tr><th scope=\"row\">Host(s)<\/th><td>spotify.com<\/td><\/tr><\/table><\/div><h4 class=\"_brlbs _brlbs-c-bandcamp\">Bandcamp<\/h4><div class=\"_brlbs-responsive-table\"><table class=\"_brlbs _brlbs-c-bandcamp\"><tr><th scope=\"row\">Name<\/th><td>Bandcamp<\/td><\/tr><tr><th scope=\"row\">Supplier<\/th><td>Bandcamp<\/td><\/tr><tr><th scope=\"row\">Purpose<\/th><td>Used to unblock Bandcamp content.<\/td><\/tr><tr><th scope=\"row\">Privacy Policy<\/th><td><a href=\"https:\/\/bandcamp.com\/privacy\" target=\"_blank\" rel=\"nofollow noopener noreferrer\">https:\/\/bandcamp.com\/privacy<\/a><\/td><\/tr><tr><th scope=\"row\">Host(s)<\/th><td>bandcamp.com<\/td><\/tr><tr><th scope=\"row\">Name of the cookie<\/th><td>bandcamp<\/td><\/tr><\/table><\/div><h4 class=\"_brlbs _brlbs-c-applemusic\">Apple Music<\/h4><div class=\"_brlbs-responsive-table\"><table class=\"_brlbs _brlbs-c-applemusic\"><tr><th scope=\"row\">Name<\/th><td>Apple Music<\/td><\/tr><tr><th scope=\"row\">Supplier<\/th><td>Apple<\/td><\/tr><tr><th scope=\"row\">Purpose<\/th><td>Used to unblock Apple Music content.<\/td><\/tr><tr><th scope=\"row\">Privacy Policy<\/th><td><a href=\"https:\/\/www.apple.com\/legal\/privacy\/data\/en\/apple-music\/\" target=\"_blank\" rel=\"nofollow noopener noreferrer\">https:\/\/www.apple.com\/legal\/privacy\/data\/en\/apple-music\/<\/a><\/td><\/tr><tr><th scope=\"row\">Host(s)<\/th><td>apple.com<\/td><\/tr><tr><th scope=\"row\">Name of the cookie<\/th><td>applemusic<\/td><\/tr><\/table><\/div><h4 class=\"_brlbs _brlbs-c-googlemaps\">Google Maps<\/h4><div class=\"_brlbs-responsive-table\"><table class=\"_brlbs _brlbs-c-googlemaps\"><tr><th scope=\"row\">Name<\/th><td>Google Maps<\/td><\/tr><tr><th scope=\"row\">Supplier<\/th><td>Google Ireland Limited, Gordon House, Barrow Street, Dublin 4, Ireland<\/td><\/tr><tr><th scope=\"row\">Purpose<\/th><td>Used to unblock Google Maps content.<\/td><\/tr><tr><th scope=\"row\">Privacy Policy<\/th><td><a href=\"https:\/\/policies.google.com\/privacy?hl=enl=en\" target=\"_blank\" rel=\"nofollow noopener noreferrer\">https:\/\/policies.google.com\/privacy?hl=enl=en<\/a><\/td><\/tr><tr><th scope=\"row\">Host(s)<\/th><td>.google.com<\/td><\/tr><tr><th scope=\"row\">Name of the cookie<\/th><td>NID<\/td><\/tr><tr><th scope=\"row\">Cookie expiration<\/th><td>6 months<\/td><\/tr><\/table><\/div><h4 class=\"_brlbs _brlbs-c-instagram\">Instagram<\/h4><div class=\"_brlbs-responsive-table\"><table class=\"_brlbs _brlbs-c-instagram\"><tr><th scope=\"row\">Name<\/th><td>Instagram<\/td><\/tr><tr><th scope=\"row\">Supplier<\/th><td>Meta Platforms Ireland Limited, 4 Grand Canal Square, Dublin 2, Ireland<\/td><\/tr><tr><th scope=\"row\">Purpose<\/th><td>Used to unblock Instagram content.<\/td><\/tr><tr><th scope=\"row\">Privacy Policy<\/th><td><a href=\"https:\/\/www.instagram.com\/legal\/privacy\/\" target=\"_blank\" rel=\"nofollow noopener noreferrer\">https:\/\/www.instagram.com\/legal\/privacy\/<\/a><\/td><\/tr><tr><th scope=\"row\">Host(s)<\/th><td>.instagram.com<\/td><\/tr><tr><th scope=\"row\">Name of the cookie<\/th><td>pigeon_state<\/td><\/tr><tr><th scope=\"row\">Cookie expiration<\/th><td>Session<\/td><\/tr><\/table><\/div><h4 class=\"_brlbs _brlbs-c-twitter\">Twitter<\/h4><div class=\"_brlbs-responsive-table\"><table class=\"_brlbs _brlbs-c-twitter\"><tr><th scope=\"row\">Name<\/th><td>Twitter<\/td><\/tr><tr><th scope=\"row\">Supplier<\/th><td>Twitter International Company, One Cumberland Place, Fenian Street, Dublin 2, D02 AX07, Ireland<\/td><\/tr><tr><th scope=\"row\">Purpose<\/th><td>Used to unblock Twitter content.<\/td><\/tr><tr><th scope=\"row\">Privacy Policy<\/th><td><a href=\"https:\/\/twitter.com\/privacy\" target=\"_blank\" rel=\"nofollow noopener noreferrer\">https:\/\/twitter.com\/privacy<\/a><\/td><\/tr><tr><th scope=\"row\">Host(s)<\/th><td>.twimg.com, .twitter.com<\/td><\/tr><tr><th scope=\"row\">Name of the cookie<\/th><td>__widgetsettings, local_storage_support_test<\/td><\/tr><tr><th scope=\"row\">Cookie expiration<\/th><td>Unlimited<\/td><\/tr><\/table><\/div><h4 class=\"_brlbs _brlbs-c-vimeo\">Vimeo<\/h4><div class=\"_brlbs-responsive-table\"><table class=\"_brlbs _brlbs-c-vimeo\"><tr><th scope=\"row\">Name<\/th><td>Vimeo<\/td><\/tr><tr><th scope=\"row\">Supplier<\/th><td>Vimeo Inc., 555 West 18th Street, New York, New York 10011, USA<\/td><\/tr><tr><th scope=\"row\">Purpose<\/th><td>Used to unblock Vimeo content.<\/td><\/tr><tr><th scope=\"row\">Privacy Policy<\/th><td><a href=\"https:\/\/vimeo.com\/privacy\" target=\"_blank\" rel=\"nofollow noopener noreferrer\">https:\/\/vimeo.com\/privacy<\/a><\/td><\/tr><tr><th scope=\"row\">Host(s)<\/th><td>player.vimeo.com<\/td><\/tr><tr><th scope=\"row\">Name of the cookie<\/th><td>widow<\/td><\/tr><tr><th scope=\"row\">Cookie expiration<\/th><td>2 years<\/td><\/tr><\/table><\/div><h4 class=\"_brlbs _brlbs-c-youtube\">YouTube<\/h4><div class=\"_brlbs-responsive-table\"><table class=\"_brlbs _brlbs-c-youtube\"><tr><th scope=\"row\">Name<\/th><td>YouTube<\/td><\/tr><tr><th scope=\"row\">Supplier<\/th><td>Google Ireland Limited, Gordon House, Barrow Street, Dublin 4, Ireland<\/td><\/tr><tr><th scope=\"row\">Purpose<\/th><td>Used to unblock YouTube content.<\/td><\/tr><tr><th scope=\"row\">Privacy Policy<\/th><td><a href=\"https:\/\/policies.google.com\/privacy?hl=enl=en\" target=\"_blank\" rel=\"nofollow noopener noreferrer\">https:\/\/policies.google.com\/privacy?hl=enl=en<\/a><\/td><\/tr><tr><th scope=\"row\">Host(s)<\/th><td>google.com<\/td><\/tr><tr><th scope=\"row\">Name of the cookie<\/th><td>NID<\/td><\/tr><tr><th scope=\"row\">Cookie expiration<\/th><td>6 months<\/td><\/tr><\/table><\/div><\/div>\n<h2>How can you configure your Cookies?<\/h2>\n<p>By browsing and continuing on our website, you consent to the use of Cookies under the conditions contained in this Cookie Policy. As a user, you have the option to exercise your right to block, delete and reject the use of Cookies at any time by modifying the options of your browser.<\/p>\n<p>For example:<\/p>\n<ol>\n<li>Internet Explorer: Tools &gt; Internet Options &gt; Privacy &gt; Settings. For more information, you can consult Microsoft support or the browser&#039;s Help.<\/li>\n<li>Mozilla Firefox: Tools &gt; Options &gt; Privacy &gt; History &gt; Custom Settings. For more information, you can consult Mozilla support or the browser&#039;s Help.<\/li>\n<li>Google Chrome: Settings &gt; Show advanced settings &gt; Privacy -&gt; Content settings. For more information, you can consult Google support or the browser&#039;s Help.<\/li>\n<li>Safari: Preferences &gt; Security. For more information, you can consult Apple support or the browser&#039;s Help.<\/li>\n<li>Opera: Settings &gt; Options &gt; Advanced &gt; Cookies For more information, you can consult Opera support or the browser&#039;s Help.<\/li>\n<\/ol>\n<p>If you use a browser other than the above, please consult its policy on installing, using and blocking cookies.<\/p>\n<h2>Your consent history<\/h2>\n<div class=\"BorlabsCookie\" data-borlabs-cookie-consent-history><div class=\"_brlbs-responsive-table\"><table class=\"_brlbs-table\"><thead><tr><th class=\"_brlbs-table-date\" scope=\"col\">Date<\/th><th class=\"_brlbs-table-version\" scope=\"col\">Version<\/th><th class=\"_brlbs-table-consents\" scope=\"col\">Consents<\/th><\/tr><\/thead><\/table><\/div><\/div>\n<h2>What happens if Cookies are disabled?<\/h2>\n<p>Some features of the Services or areas of this website may not function properly.<\/p>\n<h2>Should we update our Cookies policy?<\/h2>\n<p>We may update the Cookies policy on our website, therefore, our lawyers ask us to recommend that you review this policy each time you access our website, in order to be adequately informed about how and why we use Cookies.<\/p>","protected":false},"excerpt":{"rendered":"<p>Esta web utiliza cookies. Aqu\u00ed te explicamos qu\u00e9 son las cookies y c\u00f3mo las usamos en nuestra web. Puedes cambiar tus preferencias de cookies en cualquier momento: En cumplimiento de la Ley 34\/2002, de 11 de julio, de Servicios de la Sociedad de la Informaci\u00f3n y Comercio Electr\u00f3nico, te informamos de que este sitio web, [&hellip;]<\/p>\n","protected":false},"author":1,"featured_media":0,"parent":0,"menu_order":6,"comment_status":"closed","ping_status":"closed","template":"","meta":{"footnotes":""},"class_list":["post-88","page","type-page","status-publish","hentry"],"yoast_head":"<!-- This site is optimized with the Yoast SEO plugin v27.4 - https:\/\/yoast.com\/product\/yoast-seo-wordpress\/ -->\n<title>Pol\u00edtica de cookies - Virtualbum<\/title>\n<meta name=\"description\" content=\"Pol\u00edtica de cookies de Virtualbum\" \/>\n<meta name=\"robots\" content=\"index, follow, max-snippet:-1, max-image-preview:large, max-video-preview:-1\" \/>\n<link rel=\"canonical\" href=\"https:\/\/virtualbum.digital\/en\/politica-de-cookies\/\" \/>\n<meta property=\"og:locale\" content=\"en_US\" \/>\n<meta property=\"og:type\" content=\"article\" \/>\n<meta property=\"og:title\" content=\"Pol\u00edtica de cookies - Virtualbum\" \/>\n<meta property=\"og:description\" content=\"Pol\u00edtica de cookies de Virtualbum\" \/>\n<meta property=\"og:url\" content=\"https:\/\/virtualbum.digital\/en\/politica-de-cookies\/\" \/>\n<meta property=\"og:site_name\" content=\"Virtualbum\" \/>\n<meta property=\"article:publisher\" content=\"https:\/\/www.facebook.com\/AragonMusical\" \/>\n<meta property=\"article:modified_time\" content=\"2023-11-05T16:42:42+00:00\" \/>\n<meta name=\"twitter:card\" content=\"summary_large_image\" \/>\n<meta name=\"twitter:site\" content=\"@aragonmusical\" \/>\n<script type=\"application\/ld+json\" class=\"yoast-schema-graph\">{\"@context\":\"https:\\\/\\\/schema.org\",\"@graph\":[{\"@type\":\"WebPage\",\"@id\":\"https:\\\/\\\/virtualbum.digital\\\/politica-de-cookies\\\/\",\"url\":\"https:\\\/\\\/virtualbum.digital\\\/politica-de-cookies\\\/\",\"name\":\"Pol\u00edtica de cookies - Virtualbum\",\"isPartOf\":{\"@id\":\"https:\\\/\\\/virtualbum.digital\\\/#website\"},\"datePublished\":\"2023-03-01T13:03:52+00:00\",\"dateModified\":\"2023-11-05T16:42:42+00:00\",\"description\":\"Pol\u00edtica de cookies de Virtualbum\",\"breadcrumb\":{\"@id\":\"https:\\\/\\\/virtualbum.digital\\\/politica-de-cookies\\\/#breadcrumb\"},\"inLanguage\":\"en-US\",\"potentialAction\":[{\"@type\":\"ReadAction\",\"target\":[\"https:\\\/\\\/virtualbum.digital\\\/politica-de-cookies\\\/\"]}]},{\"@type\":\"BreadcrumbList\",\"@id\":\"https:\\\/\\\/virtualbum.digital\\\/politica-de-cookies\\\/#breadcrumb\",\"itemListElement\":[{\"@type\":\"ListItem\",\"position\":1,\"name\":\"Inicio\",\"item\":\"https:\\\/\\\/virtualbum.digital\\\/\"},{\"@type\":\"ListItem\",\"position\":2,\"name\":\"Pol\u00edtica de cookies\"}]},{\"@type\":\"WebSite\",\"@id\":\"https:\\\/\\\/virtualbum.digital\\\/#website\",\"url\":\"https:\\\/\\\/virtualbum.digital\\\/\",\"name\":\"Virtualbum\",\"description\":\"Distribuci\u00f3n Digital de M\u00fasica\",\"publisher\":{\"@id\":\"https:\\\/\\\/virtualbum.digital\\\/#organization\"},\"potentialAction\":[{\"@type\":\"SearchAction\",\"target\":{\"@type\":\"EntryPoint\",\"urlTemplate\":\"https:\\\/\\\/virtualbum.digital\\\/?s={search_term_string}\"},\"query-input\":{\"@type\":\"PropertyValueSpecification\",\"valueRequired\":true,\"valueName\":\"search_term_string\"}}],\"inLanguage\":\"en-US\"},{\"@type\":\"Organization\",\"@id\":\"https:\\\/\\\/virtualbum.digital\\\/#organization\",\"name\":\"Virtualbum\",\"url\":\"https:\\\/\\\/virtualbum.digital\\\/\",\"logo\":{\"@type\":\"ImageObject\",\"inLanguage\":\"en-US\",\"@id\":\"https:\\\/\\\/virtualbum.digital\\\/#\\\/schema\\\/logo\\\/image\\\/\",\"url\":\"https:\\\/\\\/virtualbum.digital\\\/wp-content\\\/uploads\\\/2024\\\/11\\\/logo.png\",\"contentUrl\":\"https:\\\/\\\/virtualbum.digital\\\/wp-content\\\/uploads\\\/2024\\\/11\\\/logo.png\",\"width\":976,\"height\":190,\"caption\":\"Virtualbum\"},\"image\":{\"@id\":\"https:\\\/\\\/virtualbum.digital\\\/#\\\/schema\\\/logo\\\/image\\\/\"},\"sameAs\":[\"https:\\\/\\\/www.facebook.com\\\/AragonMusical\",\"https:\\\/\\\/x.com\\\/aragonmusical\",\"https:\\\/\\\/www.instagram.com\\\/aragonmusical\\\/\"]}]}<\/script>\n<!-- \/ Yoast SEO plugin. -->","yoast_head_json":{"title":"Cookie Policy - Virtualbum","description":"Virtualbum Cookie Policy","robots":{"index":"index","follow":"follow","max-snippet":"max-snippet:-1","max-image-preview":"max-image-preview:large","max-video-preview":"max-video-preview:-1"},"canonical":"https:\/\/virtualbum.digital\/en\/politica-de-cookies\/","og_locale":"en_US","og_type":"article","og_title":"Pol\u00edtica de cookies - Virtualbum","og_description":"Pol\u00edtica de cookies de Virtualbum","og_url":"https:\/\/virtualbum.digital\/en\/politica-de-cookies\/","og_site_name":"Virtualbum","article_publisher":"https:\/\/www.facebook.com\/AragonMusical","article_modified_time":"2023-11-05T16:42:42+00:00","twitter_card":"summary_large_image","twitter_site":"@aragonmusical","schema":{"@context":"https:\/\/schema.org","@graph":[{"@type":"WebPage","@id":"https:\/\/virtualbum.digital\/politica-de-cookies\/","url":"https:\/\/virtualbum.digital\/politica-de-cookies\/","name":"Cookie Policy - Virtualbum","isPartOf":{"@id":"https:\/\/virtualbum.digital\/#website"},"datePublished":"2023-03-01T13:03:52+00:00","dateModified":"2023-11-05T16:42:42+00:00","description":"Virtualbum Cookie Policy","breadcrumb":{"@id":"https:\/\/virtualbum.digital\/politica-de-cookies\/#breadcrumb"},"inLanguage":"en-US","potentialAction":[{"@type":"ReadAction","target":["https:\/\/virtualbum.digital\/politica-de-cookies\/"]}]},{"@type":"BreadcrumbList","@id":"https:\/\/virtualbum.digital\/politica-de-cookies\/#breadcrumb","itemListElement":[{"@type":"ListItem","position":1,"name":"Inicio","item":"https:\/\/virtualbum.digital\/"},{"@type":"ListItem","position":2,"name":"Pol\u00edtica de cookies"}]},{"@type":"WebSite","@id":"https:\/\/virtualbum.digital\/#website","url":"https:\/\/virtualbum.digital\/","name":"Virtualbum","description":"Digital Music Distribution","publisher":{"@id":"https:\/\/virtualbum.digital\/#organization"},"potentialAction":[{"@type":"SearchAction","target":{"@type":"EntryPoint","urlTemplate":"https:\/\/virtualbum.digital\/?s={search_term_string}"},"query-input":{"@type":"PropertyValueSpecification","valueRequired":true,"valueName":"search_term_string"}}],"inLanguage":"en-US"},{"@type":"Organization","@id":"https:\/\/virtualbum.digital\/#organization","name":"Virtualbum","url":"https:\/\/virtualbum.digital\/","logo":{"@type":"ImageObject","inLanguage":"en-US","@id":"https:\/\/virtualbum.digital\/#\/schema\/logo\/image\/","url":"https:\/\/virtualbum.digital\/wp-content\/uploads\/2024\/11\/logo.png","contentUrl":"https:\/\/virtualbum.digital\/wp-content\/uploads\/2024\/11\/logo.png","width":976,"height":190,"caption":"Virtualbum"},"image":{"@id":"https:\/\/virtualbum.digital\/#\/schema\/logo\/image\/"},"sameAs":["https:\/\/www.facebook.com\/AragonMusical","https:\/\/x.com\/aragonmusical","https:\/\/www.instagram.com\/aragonmusical\/"]}]}},"_links":{"self":[{"href":"https:\/\/virtualbum.digital\/en\/wp-json\/wp\/v2\/pages\/88","targetHints":{"allow":["GET"]}}],"collection":[{"href":"https:\/\/virtualbum.digital\/en\/wp-json\/wp\/v2\/pages"}],"about":[{"href":"https:\/\/virtualbum.digital\/en\/wp-json\/wp\/v2\/types\/page"}],"author":[{"embeddable":true,"href":"https:\/\/virtualbum.digital\/en\/wp-json\/wp\/v2\/users\/1"}],"replies":[{"embeddable":true,"href":"https:\/\/virtualbum.digital\/en\/wp-json\/wp\/v2\/comments?post=88"}],"version-history":[{"count":1,"href":"https:\/\/virtualbum.digital\/en\/wp-json\/wp\/v2\/pages\/88\/revisions"}],"predecessor-version":[{"id":396,"href":"https:\/\/virtualbum.digital\/en\/wp-json\/wp\/v2\/pages\/88\/revisions\/396"}],"wp:attachment":[{"href":"https:\/\/virtualbum.digital\/en\/wp-json\/wp\/v2\/media?parent=88"}],"curies":[{"name":"wp","href":"https:\/\/api.w.org\/{rel}","templated":true}]}}